{"id":12461,"date":"2025-04-22T12:50:20","date_gmt":"2025-04-22T09:50:20","guid":{"rendered":"https:\/\/sara.com.tr\/?page_id=12461"},"modified":"2025-05-30T12:54:07","modified_gmt":"2025-05-30T09:54:07","slug":"general-overview","status":"publish","type":"page","link":"https:\/\/sara.com.tr\/en\/general-overview\/","title":{"rendered":"General Overview"},"content":{"rendered":"\t\t<div data-elementor-type=\"wp-page\" data-elementor-id=\"12461\" class=\"elementor elementor-12461\">\n\t\t\t\t\t\t<section class=\"elementor-section elementor-top-section elementor-element elementor-element-1148cfd elementor-section-stretched elementor-section-content-middle elementor-section-boxed elementor-section-height-default elementor-section-height-default rt-default-class\" data-id=\"1148cfd\" data-element_type=\"section\" data-settings=\"{&quot;stretch_section&quot;:&quot;section-stretched&quot;,&quot;background_background&quot;:&quot;classic&quot;}\">\n\t\t\t\t\t\t<div class=\"elementor-container elementor-column-gap-default\">\n\t\t\t\t\t<div class=\"elementor-column elementor-col-50 elementor-top-column elementor-element elementor-element-e3fc36f rt-default-class\" data-id=\"e3fc36f\" data-element_type=\"column\">\n\t\t\t<div class=\"elementor-widget-wrap elementor-element-populated\">\n\t\t\t\t\t\t<div class=\"elementor-element elementor-element-74dc790 rt-default-class elementor-widget elementor-widget-image\" data-id=\"74dc790\" data-element_type=\"widget\" data-widget_type=\"image.default\">\n\t\t\t\t\t\t\t\t\t\t\t\t\t\t\t<img fetchpriority=\"high\" decoding=\"async\" width=\"588\" height=\"675\" src=\"https:\/\/sara.com.tr\/wp-content\/uploads\/2025\/03\/sara-group2.jpg\" class=\"attachment-large size-large wp-image-11831\" alt=\"\" srcset=\"https:\/\/sara.com.tr\/wp-content\/uploads\/2025\/03\/sara-group2.jpg 588w, https:\/\/sara.com.tr\/wp-content\/uploads\/2025\/03\/sara-group2-261x300.jpg 261w, https:\/\/sara.com.tr\/wp-content\/uploads\/2025\/03\/sara-group2-540x620.jpg 540w\" sizes=\"(max-width: 588px) 100vw, 588px\" \/>\t\t\t\t\t\t\t\t\t\t\t\t\t\t\t<\/div>\n\t\t\t\t\t<\/div>\n\t\t<\/div>\n\t\t\t\t<div class=\"elementor-column elementor-col-50 elementor-top-column elementor-element elementor-element-50089ac rt-default-class\" data-id=\"50089ac\" data-element_type=\"column\">\n\t\t\t<div class=\"elementor-widget-wrap elementor-element-populated\">\n\t\t\t\t\t\t<div class=\"elementor-element elementor-element-4ba7e8b rt-default-class elementor-widget elementor-widget-react-heading\" data-id=\"4ba7e8b\" data-element_type=\"widget\" data-widget_type=\"react-heading.default\">\n\t\t\t\t<div class=\"elementor-widget-container\">\n\t\t\t\t\t\r\n\t\t<div class=\"react-heading default  title-border-\">\r\n\t\t\t<div class=\"title-inner no\">\r\n\t\t\t\t<div class=\"skew-up \"><span class=\"sub-text word-line\"><span class=\"high_light_text\">Who<\/span>We Are<\/span><\/div><div class=\"skew-up \"><h2 class=\"title word-line\">Our Energy Is Worth The World<\/h2><\/div>\t\t\t<\/div>\r\n\t\t\t\t\t\t\r\n\t\t\t\t\t<\/div>\r\n\t\t\r\n\t\t<script>\r\n\t\t\tjQuery(document).ready(function(){\r\n\t\t\tlet addAnimation = function () {\r\n\t\t\tjQuery(\".skew-up\").each(function (index) {\r\n\t\t\t\tconst text = new SplitType(jQuery(this), {\r\n\t\t\t\ttypes: \"lines, words\",\r\n\t\t\t\tlineClass: \"word-line\"\r\n\t\t\t\t});    let textInstance = jQuery(this);\r\n\t\t\t\tlet line = textInstance.find(\".word-line\");\r\n\t\t\t\tlet word = line.find(\".word\");    let tl = gsap.timeline({\r\n\t\t\t\tscrollTrigger: {\r\n\t\t\t\t\ttrigger: textInstance,\r\n\t\t\t\t\tstart: \"top 85%\",\r\n\t\t\t\t\tend: \"top 100%\",\r\n\t\t\t\t\tonComplete: function () {\r\n\t\t\t\t\tjQuery(textInstance).removeClass(\"skew-up\");\r\n\t\t\t\t\t}\r\n\t\t\t\t}\r\n\t\t\t\t});    tl.set(textInstance, { opacity: 1 }).from(word, {\r\n\t\t\t\ty: \"100%\",\r\n\t\t\t\tskewX: \"-5\",\r\n\t\t\t\tduration: 2,\r\n\t\t\t\tstagger: 0.03,\r\n\t\t\t\tease: \"expo.out\"\r\n\t\t\t\t});\r\n\t\t\t});\r\n\t\t\t};addAnimation();window.addEventListener(\"resize\", function (event) {\r\n\t\t\t\tif (jQuery(window).width() >= 992) {addAnimation(); }\r\n\t\t\t});\r\n\t\t});\r\n   \r\n\t\t<\/script>\r\n\t\t\t\t<\/div>\n\t\t\t\t<\/div>\n\t\t\t\t<div class=\"elementor-element elementor-element-d5c16f9 tab-about elementor-tabs-view-horizontal rt-default-class elementor-widget elementor-widget-tabs\" data-id=\"d5c16f9\" data-element_type=\"widget\" data-widget_type=\"tabs.default\">\n\t\t\t\t\t\t\t<div class=\"elementor-tabs\">\n\t\t\t<div class=\"elementor-tabs-wrapper\" role=\"tablist\" >\n\t\t\t\t\t\t\t\t\t<div id=\"elementor-tab-title-2241\" class=\"elementor-tab-title elementor-tab-desktop-title\" aria-selected=\"true\" data-tab=\"1\" role=\"tab\" tabindex=\"0\" aria-controls=\"elementor-tab-content-2241\" aria-expanded=\"false\">About Us<\/div>\n\t\t\t\t\t\t\t<\/div>\n\t\t\t<div class=\"elementor-tabs-content-wrapper\" role=\"tablist\" aria-orientation=\"vertical\">\n\t\t\t\t\t\t\t\t\t<div class=\"elementor-tab-title elementor-tab-mobile-title\" aria-selected=\"true\" data-tab=\"1\" role=\"tab\" tabindex=\"0\" aria-controls=\"elementor-tab-content-2241\" aria-expanded=\"false\">About Us<\/div>\n\t\t\t\t\t<div id=\"elementor-tab-content-2241\" class=\"elementor-tab-content elementor-clearfix\" data-tab=\"1\" role=\"tabpanel\" aria-labelledby=\"elementor-tab-title-2241\" tabindex=\"0\" hidden=\"false\"><p>\t\t<div data-elementor-type=\"wp-post\" data-elementor-id=\"12803\" class=\"elementor elementor-12803\">\n\t\t\t\t\t\t<section class=\"elementor-section elementor-top-section elementor-element elementor-element-e705338 elementor-section-boxed elementor-section-height-default elementor-section-height-default rt-default-class\" data-id=\"e705338\" data-element_type=\"section\">\n\t\t\t\t\t\t<div class=\"elementor-container elementor-column-gap-default\">\n\t\t\t\t\t<div class=\"elementor-column elementor-col-100 elementor-top-column elementor-element elementor-element-402469d rt-default-class\" data-id=\"402469d\" data-element_type=\"column\">\n\t\t\t<div class=\"elementor-widget-wrap elementor-element-populated\">\n\t\t\t\t\t\t<div class=\"elementor-element elementor-element-b4d1fa3 rt-default-class elementor-widget elementor-widget-text-editor\" data-id=\"b4d1fa3\" data-element_type=\"widget\" data-widget_type=\"text-editor.default\">\n\t\t\t\t\t\t\t\t\t<div><div>\u015eA-RA, which was established in 1985 and is celebrating its 40th anniversary, is a group of companies with deep roots, which includes \u015eA-RA Enerji, one of the 500 largest companies in T\u00fcrkiye. With the companies under the \u015eA-RA umbrella, we are active in a wide range of fields from energy to construction, tourism to manufacturing, lead these sectors with our innovative solutions and sustainable approach and create value at the global scale of more than 120 countries. With our 11 plants and more than 2000 co-workers, we provide services in many fields from power generation to domestic power use, tanks in the defense sector to civilian vehicles, lighting and guard rails for road safety to telecommunication lines. With our high-quality real estate projects and five star hotels we continue to expand our quality approach to other fields of activity. Aware of our responsibilities to the environment and society, we invest in innovative technologies and work towards a sustainable future.<\/div><\/div><div>\u00a0<\/div><div><strong><span style=\"text-align: var(--bs-body-text-align);\">Because \u201cOur Energy Is Worth The World\u201d\u00a0<\/span><\/strong><\/div>\t\t\t\t\t\t\t\t<\/div>\n\t\t\t\t\t<\/div>\n\t\t<\/div>\n\t\t\t\t\t<\/div>\n\t\t<\/section>\n\t\t\t\t<\/div>\n\t\t<\/p><\/div>\n\t\t\t\t\t\t\t<\/div>\n\t\t<\/div>\n\t\t\t\t\t\t<\/div>\n\t\t\t\t\t<\/div>\n\t\t<\/div>\n\t\t\t\t\t<\/div>\n\t\t<\/section>\n\t\t\t\t<section class=\"elementor-section elementor-top-section elementor-element elementor-element-4b2074c elementor-section-stretched elementor-section-boxed elementor-section-height-default elementor-section-height-default rt-default-class\" data-id=\"4b2074c\" data-element_type=\"section\" data-settings=\"{&quot;stretch_section&quot;:&quot;section-stretched&quot;,&quot;background_background&quot;:&quot;classic&quot;}\">\n\t\t\t\t\t\t<div class=\"elementor-container elementor-column-gap-default\">\n\t\t\t\t\t<div class=\"elementor-column elementor-col-100 elementor-top-column elementor-element elementor-element-dc35363 rt-default-class\" data-id=\"dc35363\" data-element_type=\"column\">\n\t\t\t<div class=\"elementor-widget-wrap elementor-element-populated\">\n\t\t\t\t\t\t<div class=\"elementor-element elementor-element-0faf073 rt-default-class elementor-widget elementor-widget-react-heading\" data-id=\"0faf073\" data-element_type=\"widget\" data-widget_type=\"react-heading.default\">\n\t\t\t\t<div class=\"elementor-widget-container\">\n\t\t\t\t\t\r\n\t\t<div class=\"react-heading style9  title-border-no\">\r\n\t\t\t<div class=\"title-inner no\">\r\n\t\t\t\t<div class=\"image-heading\"><div class=\"title-img top\"> <img decoding=\"async\" src=\"https:\/\/sara.com.tr\/wp-content\/uploads\/2024\/11\/03-3.png\" alt=\"title-image\" \/><\/div><div class=\"skew-up \"><span class=\"sub-text word-line\">\u015eA-RA<\/span><\/div><\/div><div class=\"skew-up \"><h2 class=\"title word-line\">Companies<\/h2><\/div>\t\t\t<\/div>\r\n\t\t\t\t\t\t\r\n\t\t\t\t\t<\/div>\r\n\t\t\r\n\t\t<script>\r\n\t\t\tjQuery(document).ready(function(){\r\n\t\t\tlet addAnimation = function () {\r\n\t\t\tjQuery(\".skew-up\").each(function (index) {\r\n\t\t\t\tconst text = new SplitType(jQuery(this), {\r\n\t\t\t\ttypes: \"lines, words\",\r\n\t\t\t\tlineClass: \"word-line\"\r\n\t\t\t\t});    let textInstance = jQuery(this);\r\n\t\t\t\tlet line = textInstance.find(\".word-line\");\r\n\t\t\t\tlet word = line.find(\".word\");    let tl = gsap.timeline({\r\n\t\t\t\tscrollTrigger: {\r\n\t\t\t\t\ttrigger: textInstance,\r\n\t\t\t\t\tstart: \"top 85%\",\r\n\t\t\t\t\tend: \"top 100%\",\r\n\t\t\t\t\tonComplete: function () {\r\n\t\t\t\t\tjQuery(textInstance).removeClass(\"skew-up\");\r\n\t\t\t\t\t}\r\n\t\t\t\t}\r\n\t\t\t\t});    tl.set(textInstance, { opacity: 1 }).from(word, {\r\n\t\t\t\ty: \"100%\",\r\n\t\t\t\tskewX: \"-5\",\r\n\t\t\t\tduration: 2,\r\n\t\t\t\tstagger: 0.03,\r\n\t\t\t\tease: \"expo.out\"\r\n\t\t\t\t});\r\n\t\t\t});\r\n\t\t\t};addAnimation();window.addEventListener(\"resize\", function (event) {\r\n\t\t\t\tif (jQuery(window).width() >= 992) {addAnimation(); }\r\n\t\t\t});\r\n\t\t});\r\n   \r\n\t\t<\/script>\r\n\t\t\t\t<\/div>\n\t\t\t\t<\/div>\n\t\t\t\t<section class=\"elementor-section elementor-inner-section elementor-element elementor-element-406b872 elementor-section-boxed elementor-section-height-default elementor-section-height-default rt-default-class\" data-id=\"406b872\" data-element_type=\"section\">\n\t\t\t\t\t\t<div class=\"elementor-container elementor-column-gap-default\">\n\t\t\t\t\t<div class=\"elementor-column elementor-col-25 elementor-inner-column elementor-element elementor-element-9eac3fa rt-default-class\" data-id=\"9eac3fa\" data-element_type=\"column\">\n\t\t\t<div class=\"elementor-widget-wrap elementor-element-populated\">\n\t\t\t\t\t\t<div class=\"elementor-element elementor-element-3f01a7c rt-default-class elementor-widget elementor-widget-rt-service-grid\" data-id=\"3f01a7c\" data-element_type=\"widget\" data-widget_type=\"rt-service-grid.default\">\n\t\t\t\t<div class=\"elementor-widget-container\">\n\t\t\t\t\t\r\n\t\t\r\n\r\n\r\n\t\t\r\n\r\n\t\t\r\n\r\n\t\t\r\n\r\n\t\t\r\n\t\t\t<div class=\"single-feature-soalri-3\">\r\n\t\t\t\t<div class=\"icon\">\r\n\t\t\t\t\t\t\t\t\t\t\t\t\t\t\t\t\t\t\t\t<\/div>\r\n\t\t\t\t<h5 class=\"title\">\r\n\t\t\t\t\t\t\t\t\t\t\t\u015eara Global Enerji Yat\u0131r\u0131m A.\u015e.\t\t\t\t\t\t\t\t\t<\/h5>\r\n\t\t\t\t<p class=\"disc\">\r\n\t\t\t\t\t\t\t\t\t<\/p>\r\n\t\t\t\t\t\t\t<\/div>\r\n\r\n\t\t\r\n\r\n\t\t\r\n\t\t\r\n\r\n\t\t\r\n\r\n\t\t\r\n\t\t\r\n\t\t\t\t<\/div>\n\t\t\t\t<\/div>\n\t\t\t\t\t<\/div>\n\t\t<\/div>\n\t\t\t\t<div class=\"elementor-column elementor-col-25 elementor-inner-column elementor-element elementor-element-acedfa1 rt-default-class\" data-id=\"acedfa1\" data-element_type=\"column\">\n\t\t\t<div class=\"elementor-widget-wrap elementor-element-populated\">\n\t\t\t\t\t\t<div class=\"elementor-element elementor-element-e7e668e rt-default-class elementor-widget elementor-widget-rt-service-grid\" data-id=\"e7e668e\" data-element_type=\"widget\" data-widget_type=\"rt-service-grid.default\">\n\t\t\t\t<div class=\"elementor-widget-container\">\n\t\t\t\t\t\r\n\t\t\r\n\r\n\r\n\t\t\r\n\r\n\t\t\r\n\r\n\t\t\r\n\r\n\t\t\r\n\t\t\t<div class=\"single-feature-soalri-3\">\r\n\t\t\t\t<div class=\"icon\">\r\n\t\t\t\t\t\t\t\t\t\t\t\t\t\t\t\t\t\t\t\t<\/div>\r\n\t\t\t\t<h5 class=\"title\">\r\n\t\t\t\t\t\t\t\t\t\t\t\u015ea-Ra Enerji \u0130n\u015faat Ticaret ve San. A.\u015e.\t\t\t\t\t\t\t\t\t<\/h5>\r\n\t\t\t\t<p class=\"disc\">\r\n\t\t\t\t\t\t\t\t\t\t\t \t\t\t\t\t\t\t\t\t<\/p>\r\n\t\t\t\t\t\t\t<\/div>\r\n\r\n\t\t\r\n\r\n\t\t\r\n\t\t\r\n\r\n\t\t\r\n\r\n\t\t\r\n\t\t\r\n\t\t\t\t<\/div>\n\t\t\t\t<\/div>\n\t\t\t\t\t<\/div>\n\t\t<\/div>\n\t\t\t\t<div class=\"elementor-column elementor-col-25 elementor-inner-column elementor-element elementor-element-936de7b rt-default-class\" data-id=\"936de7b\" data-element_type=\"column\">\n\t\t\t<div class=\"elementor-widget-wrap elementor-element-populated\">\n\t\t\t\t\t\t<div class=\"elementor-element elementor-element-a175aba rt-default-class elementor-widget elementor-widget-rt-service-grid\" data-id=\"a175aba\" data-element_type=\"widget\" data-widget_type=\"rt-service-grid.default\">\n\t\t\t\t<div class=\"elementor-widget-container\">\n\t\t\t\t\t\r\n\t\t\r\n\r\n\r\n\t\t\r\n\r\n\t\t\r\n\r\n\t\t\r\n\r\n\t\t\r\n\t\t\t<div class=\"single-feature-soalri-3\">\r\n\t\t\t\t<div class=\"icon\">\r\n\t\t\t\t\t\t\t\t\t\t\t\t\t\t\t\t\t\t\t\t<\/div>\r\n\t\t\t\t<h5 class=\"title\">\r\n\t\t\t\t\t\t\t\t\t\t\t\u015eara D\u0131\u015f Ticaret A.\u015e.\t\t\t\t\t\t\t\t\t<\/h5>\r\n\t\t\t\t<p class=\"disc\">\r\n\t\t\t\t\t\t\t\t\t<\/p>\r\n\t\t\t\t\t\t\t<\/div>\r\n\r\n\t\t\r\n\r\n\t\t\r\n\t\t\r\n\r\n\t\t\r\n\r\n\t\t\r\n\t\t\r\n\t\t\t\t<\/div>\n\t\t\t\t<\/div>\n\t\t\t\t\t<\/div>\n\t\t<\/div>\n\t\t\t\t<div class=\"elementor-column elementor-col-25 elementor-inner-column elementor-element elementor-element-c9c6e1f rt-default-class\" data-id=\"c9c6e1f\" data-element_type=\"column\">\n\t\t\t<div class=\"elementor-widget-wrap elementor-element-populated\">\n\t\t\t\t\t\t<div class=\"elementor-element elementor-element-b09e45b rt-default-class elementor-widget elementor-widget-rt-service-grid\" data-id=\"b09e45b\" data-element_type=\"widget\" data-widget_type=\"rt-service-grid.default\">\n\t\t\t\t<div class=\"elementor-widget-container\">\n\t\t\t\t\t\r\n\t\t\r\n\r\n\r\n\t\t\r\n\r\n\t\t\r\n\r\n\t\t\r\n\r\n\t\t\r\n\t\t\t<div class=\"single-feature-soalri-3\">\r\n\t\t\t\t<div class=\"icon\">\r\n\t\t\t\t\t\t\t\t\t\t\t\t\t\t\t\t\t\t\t\t<\/div>\r\n\t\t\t\t<h5 class=\"title\">\r\n\t\t\t\t\t\t\t\t\t\t\t\u015eara Teknoloji Tesis A.\u015e.\t\t\t\t\t\t\t\t\t<\/h5>\r\n\t\t\t\t<p class=\"disc\">\r\n\t\t\t\t\t\t\t\t\t<\/p>\r\n\t\t\t\t\t\t\t<\/div>\r\n\r\n\t\t\r\n\r\n\t\t\r\n\t\t\r\n\r\n\t\t\r\n\r\n\t\t\r\n\t\t\r\n\t\t\t\t<\/div>\n\t\t\t\t<\/div>\n\t\t\t\t\t<\/div>\n\t\t<\/div>\n\t\t\t\t\t<\/div>\n\t\t<\/section>\n\t\t\t\t<div class=\"elementor-element elementor-element-17912ed rt-default-class elementor-widget elementor-widget-react-button\" data-id=\"17912ed\" data-element_type=\"widget\" data-widget_type=\"react-button.default\">\n\t\t\t\t<div class=\"elementor-widget-container\">\n\t\t\t\t\t\t\r\n\t\t\t\t\t<div class=\"react-button primary_btn\">\r\n\t\t\t\t\t\t\t\t<a class=\"react_button\" href=\"https:\/\/sara.com.tr\/en\/our-company\/\" >\t\t\t\t\r\n\t\t\t\t\r\n\t\t\t\t   \t\r\n\r\n\t\t\t\t<span class=\"btn_text\">View All<\/span>\r\n\r\n\t\t\t\t\t\t\t\t\t<\/a>\r\n\t\t\t<\/div>\r\n\t\t\r\n\t\t\t\t\t<\/div>\n\t\t\t\t<\/div>\n\t\t\t\t\t<\/div>\n\t\t<\/div>\n\t\t\t\t\t<\/div>\n\t\t<\/section>\n\t\t\t\t<\/div>\n\t\t","protected":false},"excerpt":{"rendered":"<p>WhoWe Are Our Energy Is Worth The World About Us About Us \u015eA-RA, which was established in 1985 and is celebrating its 40th anniversary, is a group of companies with deep roots, which includes \u015eA-RA Enerji, one of the 500 largest companies in T\u00fcrkiye. With the companies under the \u015eA-RA umbrella, we are active in&#8230;<\/p>\n","protected":false},"author":1,"featured_media":0,"parent":0,"menu_order":0,"comment_status":"closed","ping_status":"closed","template":"","meta":{"footnotes":""},"class_list":["post-12461","page","type-page","status-publish","hentry"],"aioseo_notices":[],"_links":{"self":[{"href":"https:\/\/sara.com.tr\/en\/wp-json\/wp\/v2\/pages\/12461","targetHints":{"allow":["GET"]}}],"collection":[{"href":"https:\/\/sara.com.tr\/en\/wp-json\/wp\/v2\/pages"}],"about":[{"href":"https:\/\/sara.com.tr\/en\/wp-json\/wp\/v2\/types\/page"}],"author":[{"embeddable":true,"href":"https:\/\/sara.com.tr\/en\/wp-json\/wp\/v2\/users\/1"}],"replies":[{"embeddable":true,"href":"https:\/\/sara.com.tr\/en\/wp-json\/wp\/v2\/comments?post=12461"}],"version-history":[{"count":0,"href":"https:\/\/sara.com.tr\/en\/wp-json\/wp\/v2\/pages\/12461\/revisions"}],"wp:attachment":[{"href":"https:\/\/sara.com.tr\/en\/wp-json\/wp\/v2\/media?parent=12461"}],"curies":[{"name":"wp","href":"https:\/\/api.w.org\/{rel}","templated":true}]}}