{"id":12587,"date":"2025-04-29T13:07:13","date_gmt":"2025-04-29T10:07:13","guid":{"rendered":"https:\/\/sara.com.tr\/?page_id=12587"},"modified":"2025-05-08T11:00:58","modified_gmt":"2025-05-08T08:00:58","slug":"transformer-and-switch-units","status":"publish","type":"page","link":"https:\/\/sara.com.tr\/en\/transformer-and-switch-units\/","title":{"rendered":"Transformer And Switch Units"},"content":{"rendered":"\t\t<div data-elementor-type=\"wp-page\" data-elementor-id=\"12587\" class=\"elementor elementor-12587\">\n\t\t\t\t\t\t<section class=\"elementor-section elementor-top-section elementor-element elementor-element-7b2c462 elementor-reverse-mobile elementor-section-boxed elementor-section-height-default elementor-section-height-default rt-default-class\" data-id=\"7b2c462\" data-element_type=\"section\">\n\t\t\t\t\t\t<div class=\"elementor-container elementor-column-gap-default\">\n\t\t\t\t\t<div class=\"elementor-column elementor-col-66 elementor-top-column elementor-element elementor-element-5c068b8 rt-default-class\" data-id=\"5c068b8\" data-element_type=\"column\">\n\t\t\t<div class=\"elementor-widget-wrap elementor-element-populated\">\n\t\t\t\t\t\t<div class=\"elementor-element elementor-element-11c9046 rt-default-class elementor-widget elementor-widget-image\" data-id=\"11c9046\" data-element_type=\"widget\" data-widget_type=\"image.default\">\n\t\t\t\t\t\t\t\t\t\t\t\t\t\t\t<img fetchpriority=\"high\" decoding=\"async\" width=\"944\" height=\"550\" src=\"https:\/\/sara.com.tr\/wp-content\/uploads\/2025\/02\/TRAFO-SALT-MERKEZLERI-944x550-2@300x-100.jpg\" class=\"attachment-full size-full wp-image-11170\" alt=\"\" srcset=\"https:\/\/sara.com.tr\/wp-content\/uploads\/2025\/02\/TRAFO-SALT-MERKEZLERI-944x550-2@300x-100.jpg 944w, https:\/\/sara.com.tr\/wp-content\/uploads\/2025\/02\/TRAFO-SALT-MERKEZLERI-944x550-2@300x-100-300x175.jpg 300w, https:\/\/sara.com.tr\/wp-content\/uploads\/2025\/02\/TRAFO-SALT-MERKEZLERI-944x550-2@300x-100-768x447.jpg 768w\" sizes=\"(max-width: 944px) 100vw, 944px\" \/>\t\t\t\t\t\t\t\t\t\t\t\t\t\t\t<\/div>\n\t\t\t\t<div class=\"elementor-element elementor-element-6c4ee82 rt-default-class elementor-widget elementor-widget-text-editor\" data-id=\"6c4ee82\" data-element_type=\"widget\" data-widget_type=\"text-editor.default\">\n\t\t\t\t\t\t\t\t\t<p>\u015eA-RA has superior experience in the turnkey construction of transformer and switch units. We continue to manage all stages involved in this field, such as project management, systems integration, topographic and geological surveys, electrical design, placement and construction projects, materials procurement, manufacturing of streel construction units, assembly, wiring, field tests and commissioning.<\/p><p>In the past, we successfully completed the turnkey construction of many Air-Insulated Switchgear (AIS) and Gas-Insulated Switchgear (GIS) transformer facility projects art voltage levels ranging from 154 kV to 380 kV. We carry out all surveying, project design, systems integration and construction work with our experienced team of experts in this field. We procure all materials and equipment required by our customers in keeping with international standards and our quality assurance system.<\/p><p>Furthermore, we undertook the 380 kV 600 MW HVDC BACK TO BACK transformer facility turnkey project, the first of its kind in T\u00fcrkiye, for TE\u0130A\u015e, in cooperation with out consortium partner CET. The project design, materials procurement, construction and field work for the project were completed successfully in 2021 and the facility was commissioned. This hi-tech facility ensures two-way transfer of energy between T\u00fcrkiye and Iran at 600 MWs<\/p>\t\t\t\t\t\t\t\t<\/div>\n\t\t\t\t<div class=\"elementor-element elementor-element-6896384 rt-default-class elementor-widget elementor-widget-heading\" data-id=\"6896384\" data-element_type=\"widget\" data-widget_type=\"heading.default\">\n\t\t\t\t\t<h6 class=\"elementor-heading-title elementor-size-default\">The services we provide include:<\/h6>\t\t\t\t<\/div>\n\t\t\t\t<div class=\"elementor-element elementor-element-7cd5495 rt-default-class elementor-widget elementor-widget-text-editor\" data-id=\"7cd5495\" data-element_type=\"widget\" data-widget_type=\"text-editor.default\">\n\t\t\t\t\t\t\t\t\t<ul><li>The primary, construction, protection and control systems projects for GIS and AIS transformer units and HVDC systems<\/li><li>Environmental Impact Assessment (EIA) activities and reports<\/li><li>Preparation and implementation of ground surveys and analyses<\/li><li>Placement design, architectural and structural projects for transformer facilities<\/li><li>Electrical design and energy systems analyses<\/li><li>Project design and integration for protection, control and SCADA systems<\/li><li>Planning and management of testing, start-up and commissioning processes<\/li><\/ul>\t\t\t\t\t\t\t\t<\/div>\n\t\t\t\t<section class=\"elementor-section elementor-inner-section elementor-element elementor-element-89c2f31 elementor-section-content-middle elementor-section-boxed elementor-section-height-default elementor-section-height-default rt-default-class\" data-id=\"89c2f31\" data-element_type=\"section\">\n\t\t\t\t\t\t<div class=\"elementor-container elementor-column-gap-default\">\n\t\t\t\t\t<div class=\"elementor-column elementor-col-100 elementor-inner-column elementor-element elementor-element-6ee80b1 rt-default-class\" data-id=\"6ee80b1\" data-element_type=\"column\">\n\t\t\t<div class=\"elementor-widget-wrap elementor-element-populated\">\n\t\t\t\t\t\t<div class=\"elementor-element elementor-element-308da9a rt-default-class elementor-widget elementor-widget-image\" data-id=\"308da9a\" data-element_type=\"widget\" data-widget_type=\"image.default\">\n\t\t\t\t\t\t\t\t\t\t\t\t\t\t\t<img decoding=\"async\" width=\"944\" height=\"550\" src=\"https:\/\/sara.com.tr\/wp-content\/uploads\/2025\/02\/TRAFO-SALT-MERKEZLERI-944x550@300x-100.jpg\" class=\"attachment-full size-full wp-image-11171\" alt=\"\" srcset=\"https:\/\/sara.com.tr\/wp-content\/uploads\/2025\/02\/TRAFO-SALT-MERKEZLERI-944x550@300x-100.jpg 944w, https:\/\/sara.com.tr\/wp-content\/uploads\/2025\/02\/TRAFO-SALT-MERKEZLERI-944x550@300x-100-300x175.jpg 300w, https:\/\/sara.com.tr\/wp-content\/uploads\/2025\/02\/TRAFO-SALT-MERKEZLERI-944x550@300x-100-768x447.jpg 768w\" sizes=\"(max-width: 944px) 100vw, 944px\" \/>\t\t\t\t\t\t\t\t\t\t\t\t\t\t\t<\/div>\n\t\t\t\t\t<\/div>\n\t\t<\/div>\n\t\t\t\t\t<\/div>\n\t\t<\/section>\n\t\t\t\t<section class=\"elementor-section elementor-inner-section elementor-element elementor-element-eef1cba elementor-section-content-middle elementor-section-boxed elementor-section-height-default elementor-section-height-default rt-default-class\" data-id=\"eef1cba\" data-element_type=\"section\">\n\t\t\t\t\t\t<div class=\"elementor-container elementor-column-gap-default\">\n\t\t\t\t\t<div class=\"elementor-column elementor-col-100 elementor-inner-column elementor-element elementor-element-1f54c6d rt-default-class\" data-id=\"1f54c6d\" data-element_type=\"column\">\n\t\t\t<div class=\"elementor-widget-wrap elementor-element-populated\">\n\t\t\t\t\t\t<div class=\"elementor-element elementor-element-e2596a2 rt-default-class elementor-widget elementor-widget-heading\" data-id=\"e2596a2\" data-element_type=\"widget\" data-widget_type=\"heading.default\">\n\t\t\t\t\t<h6 class=\"elementor-heading-title elementor-size-default\">Materials Procurement:<\/h6>\t\t\t\t<\/div>\n\t\t\t\t<div class=\"elementor-element elementor-element-5e6a6b4 rt-default-class elementor-widget elementor-widget-text-editor\" data-id=\"5e6a6b4\" data-element_type=\"widget\" data-widget_type=\"text-editor.default\">\n\t\t\t\t\t\t\t\t\t<p class=\"disc mb--25\">We procure the equipment used at transformer facilities in keeping with international quality standards. We work with first class producers who have an ISO 9001:2015 Quality Management System Certificate, as well as apply IEC and EN standards to obtain the key components required for transformer facilities. <br \/>During procurement, we act in accordance with contract specifications and technical requirements and closely monitor the delivery dates and quality control of equipment. We manage storage, logistics and assembly processes in keeping with our quality assurance system to deliver high -performing and reliable projects.<\/p>\t\t\t\t\t\t\t\t<\/div>\n\t\t\t\t<div class=\"elementor-element elementor-element-82299dc rt-default-class elementor-widget elementor-widget-heading\" data-id=\"82299dc\" data-element_type=\"widget\" data-widget_type=\"heading.default\">\n\t\t\t\t\t<h6 class=\"elementor-heading-title elementor-size-default\">Construction and Facility Activities:<\/h6>\t\t\t\t<\/div>\n\t\t\t\t<div class=\"elementor-element elementor-element-9a22675 rt-default-class elementor-widget elementor-widget-text-editor\" data-id=\"9a22675\" data-element_type=\"widget\" data-widget_type=\"text-editor.default\">\n\t\t\t\t\t\t\t\t\t<p class=\"disc mb--25\">At transformer facilities, the process begins with field implementation and continues with the completion of construction and equipment assembly. Facilities that are built in accordance with the project and technical specifications are made ready for commissioning on a turnkey basis.<br \/>Upon the completion of assembly, we run detailed field tests for the system and all of its components using an independent testing firm and with the participation of the customer. Before the system is integrated to the network, we carry out a simulation to check all system settings and to ensure operability. Provisional commissioning is completed once the facility voltage tests have returned successful outcomes.<\/p>\t\t\t\t\t\t\t\t<\/div>\n\t\t\t\t\t<\/div>\n\t\t<\/div>\n\t\t\t\t\t<\/div>\n\t\t<\/section>\n\t\t\t\t\t<\/div>\n\t\t<\/div>\n\t\t\t\t<div class=\"elementor-column elementor-col-33 elementor-top-column elementor-element elementor-element-69a8377 rt-default-class\" data-id=\"69a8377\" data-element_type=\"column\">\n\t\t\t<div class=\"elementor-widget-wrap elementor-element-populated\">\n\t\t\t\t\t\t<section class=\"elementor-section elementor-inner-section elementor-element elementor-element-36e8459 elementor-section-boxed elementor-section-height-default elementor-section-height-default rt-default-class\" data-id=\"36e8459\" data-element_type=\"section\" data-settings=\"{&quot;background_background&quot;:&quot;classic&quot;}\">\n\t\t\t\t\t\t<div class=\"elementor-container elementor-column-gap-default\">\n\t\t\t\t\t<div class=\"elementor-column elementor-col-100 elementor-inner-column elementor-element elementor-element-3df86e6 rt-default-class\" data-id=\"3df86e6\" data-element_type=\"column\">\n\t\t\t<div class=\"elementor-widget-wrap elementor-element-populated\">\n\t\t\t\t\t\t<div class=\"elementor-element elementor-element-ddf5e5a rt-default-class elementor-widget elementor-widget-heading\" data-id=\"ddf5e5a\" data-element_type=\"widget\" data-widget_type=\"heading.default\">\n\t\t\t\t\t<h5 class=\"elementor-heading-title elementor-size-default\">Turnkey Projects<\/h5>\t\t\t\t<\/div>\n\t\t\t\t<div class=\"elementor-element elementor-element-b04aaca hfe-nav-menu__align-left rt-default-class elementor-widget elementor-widget-navigation-menu\" data-id=\"b04aaca\" data-element_type=\"widget\" data-settings=\"{&quot;menu_space_between_margin&quot;:{&quot;unit&quot;:&quot;px&quot;,&quot;size&quot;:15,&quot;sizes&quot;:[]},&quot;padding_horizontal_menu_item&quot;:{&quot;unit&quot;:&quot;px&quot;,&quot;size&quot;:25,&quot;sizes&quot;:[]},&quot;padding_vertical_menu_item&quot;:{&quot;unit&quot;:&quot;px&quot;,&quot;size&quot;:18,&quot;sizes&quot;:[]},&quot;meniu_border_radius&quot;:{&quot;unit&quot;:&quot;px&quot;,&quot;top&quot;:&quot;30&quot;,&quot;right&quot;:&quot;30&quot;,&quot;bottom&quot;:&quot;30&quot;,&quot;left&quot;:&quot;30&quot;,&quot;isLinked&quot;:true},&quot;padding_horizontal_menu_item_tablet&quot;:{&quot;unit&quot;:&quot;px&quot;,&quot;size&quot;:&quot;&quot;,&quot;sizes&quot;:[]},&quot;padding_horizontal_menu_item_mobile&quot;:{&quot;unit&quot;:&quot;px&quot;,&quot;size&quot;:&quot;&quot;,&quot;sizes&quot;:[]},&quot;padding_vertical_menu_item_tablet&quot;:{&quot;unit&quot;:&quot;px&quot;,&quot;size&quot;:&quot;&quot;,&quot;sizes&quot;:[]},&quot;padding_vertical_menu_item_mobile&quot;:{&quot;unit&quot;:&quot;px&quot;,&quot;size&quot;:&quot;&quot;,&quot;sizes&quot;:[]},&quot;menu_space_between_margin_tablet&quot;:{&quot;unit&quot;:&quot;px&quot;,&quot;size&quot;:&quot;&quot;,&quot;sizes&quot;:[]},&quot;menu_space_between_margin_mobile&quot;:{&quot;unit&quot;:&quot;px&quot;,&quot;size&quot;:&quot;&quot;,&quot;sizes&quot;:[]},&quot;meniu_border_radius_tablet&quot;:{&quot;unit&quot;:&quot;px&quot;,&quot;top&quot;:&quot;&quot;,&quot;right&quot;:&quot;&quot;,&quot;bottom&quot;:&quot;&quot;,&quot;left&quot;:&quot;&quot;,&quot;isLinked&quot;:true},&quot;meniu_border_radius_mobile&quot;:{&quot;unit&quot;:&quot;px&quot;,&quot;top&quot;:&quot;&quot;,&quot;right&quot;:&quot;&quot;,&quot;bottom&quot;:&quot;&quot;,&quot;left&quot;:&quot;&quot;,&quot;isLinked&quot;:true},&quot;dropdown_border_radius&quot;:{&quot;unit&quot;:&quot;px&quot;,&quot;top&quot;:&quot;&quot;,&quot;right&quot;:&quot;&quot;,&quot;bottom&quot;:&quot;&quot;,&quot;left&quot;:&quot;&quot;,&quot;isLinked&quot;:true},&quot;dropdown_border_radius_tablet&quot;:{&quot;unit&quot;:&quot;px&quot;,&quot;top&quot;:&quot;&quot;,&quot;right&quot;:&quot;&quot;,&quot;bottom&quot;:&quot;&quot;,&quot;left&quot;:&quot;&quot;,&quot;isLinked&quot;:true},&quot;dropdown_border_radius_mobile&quot;:{&quot;unit&quot;:&quot;px&quot;,&quot;top&quot;:&quot;&quot;,&quot;right&quot;:&quot;&quot;,&quot;bottom&quot;:&quot;&quot;,&quot;left&quot;:&quot;&quot;,&quot;isLinked&quot;:true},&quot;padding_horizontal_dropdown_item&quot;:{&quot;unit&quot;:&quot;px&quot;,&quot;size&quot;:&quot;&quot;,&quot;sizes&quot;:[]},&quot;padding_horizontal_dropdown_item_tablet&quot;:{&quot;unit&quot;:&quot;px&quot;,&quot;size&quot;:&quot;&quot;,&quot;sizes&quot;:[]},&quot;padding_horizontal_dropdown_item_mobile&quot;:{&quot;unit&quot;:&quot;px&quot;,&quot;size&quot;:&quot;&quot;,&quot;sizes&quot;:[]},&quot;padding_vertical_dropdown_item&quot;:{&quot;unit&quot;:&quot;px&quot;,&quot;size&quot;:15,&quot;sizes&quot;:[]},&quot;padding_vertical_dropdown_item_tablet&quot;:{&quot;unit&quot;:&quot;px&quot;,&quot;size&quot;:&quot;&quot;,&quot;sizes&quot;:[]},&quot;padding_vertical_dropdown_item_mobile&quot;:{&quot;unit&quot;:&quot;px&quot;,&quot;size&quot;:&quot;&quot;,&quot;sizes&quot;:[]}}\" data-widget_type=\"navigation-menu.default\">\n\t\t\t\t<div class=\"elementor-widget-container\">\n\t\t\t\t\t\t<div class=\"menu-area vertical expand-on-click separator_ \">         \r\n\t\t<div class=\"menu_one icon1 no\">\t\t\t\t\t\t\t \r\n\t\t\t<div class=\"col-cell menu-responsive  right_icon_yes left_icon_no enable_anim_no\">  \r\n\t\t\t\t\t\t\t\t\t<nav class=\"nav navbar\">\r\n\t\t\t\t\t\t<div class=\"navbar-menu\">\r\n\t\t\t\t\t\t\t<ul id=\"menu-enerji_taahhut_en\" class=\"menu\"><li id=\"menu-item-12610\" class=\"menu-item menu-item-type-post_type menu-item-object-page menu-item-12610\"><a href=\"https:\/\/sara.com.tr\/en\/energy-transmission-lines\/\">Energy Transmission Lines<\/a><\/li>\n<li id=\"menu-item-12609\" class=\"menu-item menu-item-type-post_type menu-item-object-page menu-item-12609\"><a href=\"https:\/\/sara.com.tr\/en\/lw-mw-urban-distribution-networks\/\">LW\/MW Urban Distribution Networks<\/a><\/li>\n<li id=\"menu-item-12608\" class=\"menu-item menu-item-type-post_type menu-item-object-page menu-item-12608\"><a href=\"https:\/\/sara.com.tr\/en\/transformer-and-switch-units\/\">Transformer And Switch Units<\/a><\/li>\n<li id=\"menu-item-12607\" class=\"menu-item menu-item-type-post_type menu-item-object-page menu-item-12607\"><a href=\"https:\/\/sara.com.tr\/en\/telecommunication-projects\/\">Telecommunication Projects<\/a><\/li>\n<li id=\"menu-item-12606\" class=\"menu-item menu-item-type-post_type menu-item-object-page menu-item-12606\"><a href=\"https:\/\/sara.com.tr\/en\/road-guardrail-projects\/\">Road Guardrail Projects<\/a><\/li>\n<\/ul>\t\t\t\t\t\t<\/div>\r\n\t\t\t\t\t<\/nav>\r\n\t\t\t\t\t\t\t\t<\/div>\t\t\t\r\n\t\t\t\r\n\t\t<div class=\"sidebarmenu-area text-right mobilehum \">                                    \r\n\t\t\t<ul class=\"offcanvas-icon layout-1\">\r\n\t\t\t\t\t<li class=\"nav-link-container center\"> \r\n\t\t\t\t\t\t<a href=\"#\" class=\"nav-menu-link menu-button\">\r\n\t\t\t\t\t\t\t<svg width=\"20\" height=\"16\" viewBox=\"0 0 20 16\" fill=\"none\" xmlns=\"http:\/\/www.w3.org\/2000\/svg\">\r\n\t\t\t\t\t\t\t\t<rect y=\"14\" width=\"18\" height=\"2\" fill=\"#ffffff\"><\/rect>\r\n\t\t\t\t\t\t\t\t<rect y=\"7\" width=\"18\" height=\"2\" fill=\"#ffffff\"><\/rect>\r\n\t\t\t\t\t\t\t\t<rect width=\"18\" height=\"2\" fill=\"#ffffff\"><\/rect>\r\n\t\t\t\t\t\t\t<\/svg>\r\n\t\t\t\t\t\t<\/a> \r\n\t\t\t\t\t<\/li>\r\n\t\t\t\t<\/ul>                                      \r\n\t\t<\/div>      \r\n\t\t<\/div>\r\n\t<\/div>\t\t \r\n\t\t\t\t\t<\/div>\n\t\t\t\t<\/div>\n\t\t\t\t\t<\/div>\n\t\t<\/div>\n\t\t\t\t\t<\/div>\n\t\t<\/section>\n\t\t\t\t<section class=\"elementor-section elementor-inner-section elementor-element elementor-element-93905a1 elementor-section-boxed elementor-section-height-default elementor-section-height-default rt-default-class\" data-id=\"93905a1\" data-element_type=\"section\" data-settings=\"{&quot;background_background&quot;:&quot;classic&quot;}\">\n\t\t\t\t\t\t<div class=\"elementor-container elementor-column-gap-default\">\n\t\t\t\t\t<div class=\"elementor-column elementor-col-100 elementor-inner-column elementor-element elementor-element-b9ecf11 rt-default-class\" data-id=\"b9ecf11\" data-element_type=\"column\">\n\t\t\t<div class=\"elementor-widget-wrap elementor-element-populated\">\n\t\t\t\t\t\t<div class=\"elementor-element elementor-element-8d07114 rt-default-class elementor-widget elementor-widget-heading\" data-id=\"8d07114\" data-element_type=\"widget\" data-widget_type=\"heading.default\">\n\t\t\t\t\t<h5 class=\"elementor-heading-title elementor-size-default\">Contact Information<\/h5>\t\t\t\t<\/div>\n\t\t\t\t<div class=\"elementor-element elementor-element-dc2785d rt-default-class elementor-widget elementor-widget-topbar-icon-list\" data-id=\"dc2785d\" data-element_type=\"widget\" data-widget_type=\"topbar-icon-list.default\">\n\t\t\t\t<div class=\"elementor-widget-container\">\n\t\t\t\t\t \n\n        <div class=\"rt-features-list-content\">                \n            <ul class=\"rt-features-list separator_no border_no rotate_no\">\n                    <li>\n                                                    <div class=\"icon\"><svg aria-hidden=\"true\" class=\"e-font-icon-svg e-far-envelope-open\" viewBox=\"0 0 512 512\" xmlns=\"http:\/\/www.w3.org\/2000\/svg\"><path d=\"M494.586 164.516c-4.697-3.883-111.723-89.95-135.251-108.657C337.231 38.191 299.437 0 256 0c-43.205 0-80.636 37.717-103.335 55.859-24.463 19.45-131.07 105.195-135.15 108.549A48.004 48.004 0 0 0 0 201.485V464c0 26.51 21.49 48 48 48h416c26.51 0 48-21.49 48-48V201.509a48 48 0 0 0-17.414-36.993zM464 458a6 6 0 0 1-6 6H54a6 6 0 0 1-6-6V204.347c0-1.813.816-3.526 2.226-4.665 15.87-12.814 108.793-87.554 132.364-106.293C200.755 78.88 232.398 48 256 48c23.693 0 55.857 31.369 73.41 45.389 23.573 18.741 116.503 93.493 132.366 106.316a5.99 5.99 0 0 1 2.224 4.663V458zm-31.991-187.704c4.249 5.159 3.465 12.795-1.745 16.981-28.975 23.283-59.274 47.597-70.929 56.863C336.636 362.283 299.205 400 256 400c-43.452 0-81.287-38.237-103.335-55.86-11.279-8.967-41.744-33.413-70.927-56.865-5.21-4.187-5.993-11.822-1.745-16.981l15.258-18.528c4.178-5.073 11.657-5.843 16.779-1.726 28.618 23.001 58.566 47.035 70.56 56.571C200.143 320.631 232.307 352 256 352c23.602 0 55.246-30.88 73.41-45.389 11.994-9.535 41.944-33.57 70.563-56.568 5.122-4.116 12.601-3.346 16.778 1.727l15.258 18.526z\"><\/path><\/svg><\/div>                            \n                                                                        <div class=\"query-list\">\n                                                                                       <a href=\"mailto:info@sara.com.tr\"><span class=\"text-heading\">info@sara.com.tr<\/span><\/a>                            \n                                                                                <\/div>                        \n                    <\/li>\n                \n            <\/ul>                          \n        <\/div>\n        \t\t\t\t<\/div>\n\t\t\t\t<\/div>\n\t\t\t\t<div class=\"elementor-element elementor-element-510d120 rt-default-class elementor-widget elementor-widget-topbar-icon-list\" data-id=\"510d120\" data-element_type=\"widget\" data-widget_type=\"topbar-icon-list.default\">\n\t\t\t\t<div class=\"elementor-widget-container\">\n\t\t\t\t\t \n\n        <div class=\"rt-features-list-content\">                \n            <ul class=\"rt-features-list separator_no border_no rotate_no\">\n                    <li>\n                                                    <div class=\"icon\"><i aria-hidden=\"true\" class=\"rt rt-phone-flip\"><\/i><\/div>                            \n                                                                        <div class=\"query-list\">\n                                                                                       <a href=\"tel:+903122852424\"><span class=\"text-heading\"> +90 312 285 24 24<\/span><\/a>\n                                                                                    <\/div>                        \n                    <\/li>\n                \n            <\/ul>                          \n        <\/div>\n        \t\t\t\t<\/div>\n\t\t\t\t<\/div>\n\t\t\t\t<div class=\"elementor-element elementor-element-e9cdb6c rt-default-class elementor-widget elementor-widget-topbar-icon-list\" data-id=\"e9cdb6c\" data-element_type=\"widget\" data-widget_type=\"topbar-icon-list.default\">\n\t\t\t\t<div class=\"elementor-widget-container\">\n\t\t\t\t\t \n\n        <div class=\"rt-features-list-content\">                \n            <ul class=\"rt-features-list separator_no border_no rotate_no\">\n                    <li>\n                                                    <div class=\"icon\"><i aria-hidden=\"true\" class=\"rt rt-location-dot\"><\/i><\/div>                            \n                                                                        <div class=\"query-list\">\n                                                                                                                           <span class=\"text-heading\">\u00dcmit Mahallesi Meksika Cad 2479. Sok. No:2 Nokta Ankara, 06810 \u00c7ankaya \/ Ankara \/ T\u00fcrkiye<\/span>\n                                    \n                                                                                <\/div>                        \n                    <\/li>\n                \n            <\/ul>                          \n        <\/div>\n        \t\t\t\t<\/div>\n\t\t\t\t<\/div>\n\t\t\t\t\t<\/div>\n\t\t<\/div>\n\t\t\t\t\t<\/div>\n\t\t<\/section>\n\t\t\t\t\t<\/div>\n\t\t<\/div>\n\t\t\t\t\t<\/div>\n\t\t<\/section>\n\t\t\t\t<\/div>\n\t\t","protected":false},"excerpt":{"rendered":"<p>\u015eA-RA has superior experience in the turnkey construction of transformer and switch units. We continue to manage all stages involved in this field, such as project management, systems integration, topographic and geological surveys, electrical design, placement and construction projects, materials procurement, manufacturing of streel construction units, assembly, wiring, field tests and commissioning. In the past,&#8230;<\/p>\n","protected":false},"author":1,"featured_media":0,"parent":0,"menu_order":0,"comment_status":"closed","ping_status":"closed","template":"","meta":{"footnotes":""},"class_list":["post-12587","page","type-page","status-publish","hentry"],"aioseo_notices":[],"_links":{"self":[{"href":"https:\/\/sara.com.tr\/en\/wp-json\/wp\/v2\/pages\/12587","targetHints":{"allow":["GET"]}}],"collection":[{"href":"https:\/\/sara.com.tr\/en\/wp-json\/wp\/v2\/pages"}],"about":[{"href":"https:\/\/sara.com.tr\/en\/wp-json\/wp\/v2\/types\/page"}],"author":[{"embeddable":true,"href":"https:\/\/sara.com.tr\/en\/wp-json\/wp\/v2\/users\/1"}],"replies":[{"embeddable":true,"href":"https:\/\/sara.com.tr\/en\/wp-json\/wp\/v2\/comments?post=12587"}],"version-history":[{"count":0,"href":"https:\/\/sara.com.tr\/en\/wp-json\/wp\/v2\/pages\/12587\/revisions"}],"wp:attachment":[{"href":"https:\/\/sara.com.tr\/en\/wp-json\/wp\/v2\/media?parent=12587"}],"curies":[{"name":"wp","href":"https:\/\/api.w.org\/{rel}","templated":true}]}}